{"id":34,"date":"2022-07-01T16:59:06","date_gmt":"2022-07-01T16:59:06","guid":{"rendered":"https:\/\/clinicaarboleya.com\/?page_id=34"},"modified":"2024-05-03T03:31:59","modified_gmt":"2024-05-03T03:31:59","slug":"instalaciones","status":"publish","type":"page","link":"https:\/\/clinicaarboleya.com\/?page_id=34","title":{"rendered":"Instalaciones"},"content":{"rendered":"\n<p>La cl\u00ednica Arboleya dispone de recepci\u00f3n, sala de espera (con televisi\u00f3n y wifi), dos gabinetes, sala de diagn\u00f3stico, sala de esterilizaci\u00f3n, aseo y almac\u00e9n.<\/p>\n\n\n\n<figure class=\"wp-block-image size-large is-style-default\"><img loading=\"lazy\" decoding=\"async\" width=\"768\" height=\"1024\" src=\"https:\/\/clinicaarboleya.com\/wp-content\/uploads\/2022\/10\/Recepcion-768x1024.jpg\" alt=\"\" class=\"wp-image-101\" srcset=\"https:\/\/clinicaarboleya.com\/wp-content\/uploads\/2022\/10\/Recepcion-768x1024.jpg 768w, https:\/\/clinicaarboleya.com\/wp-content\/uploads\/2022\/10\/Recepcion-225x300.jpg 225w, https:\/\/clinicaarboleya.com\/wp-content\/uploads\/2022\/10\/Recepcion-1152x1536.jpg 1152w, https:\/\/clinicaarboleya.com\/wp-content\/uploads\/2022\/10\/Recepcion-1536x2048.jpg 1536w, https:\/\/clinicaarboleya.com\/wp-content\/uploads\/2022\/10\/Recepcion-scaled.jpg 1920w\" sizes=\"auto, (max-width: 767px) 89vw, (max-width: 1000px) 54vw, (max-width: 1071px) 543px, 580px\" \/><figcaption class=\"wp-element-caption\">Recepci\u00f3n<\/figcaption><\/figure>\n\n\n\n<figure class=\"wp-block-image size-large\"><img loading=\"lazy\" decoding=\"async\" width=\"1024\" height=\"768\" src=\"https:\/\/clinicaarboleya.com\/wp-content\/uploads\/2024\/04\/IMG20240222172135-1024x768.jpg\" alt=\"\" class=\"wp-image-188\" srcset=\"https:\/\/clinicaarboleya.com\/wp-content\/uploads\/2024\/04\/IMG20240222172135-1024x768.jpg 1024w, https:\/\/clinicaarboleya.com\/wp-content\/uploads\/2024\/04\/IMG20240222172135-300x225.jpg 300w, https:\/\/clinicaarboleya.com\/wp-content\/uploads\/2024\/04\/IMG20240222172135-768x576.jpg 768w, https:\/\/clinicaarboleya.com\/wp-content\/uploads\/2024\/04\/IMG20240222172135-1536x1152.jpg 1536w, https:\/\/clinicaarboleya.com\/wp-content\/uploads\/2024\/04\/IMG20240222172135-2048x1536.jpg 2048w\" sizes=\"auto, (max-width: 767px) 89vw, (max-width: 1000px) 54vw, (max-width: 1071px) 543px, 580px\" \/><figcaption class=\"wp-element-caption\">oppo_0<\/figcaption><\/figure>\n\n\n\n<figure class=\"wp-block-image size-large\"><img loading=\"lazy\" decoding=\"async\" width=\"961\" height=\"1024\" src=\"https:\/\/clinicaarboleya.com\/wp-content\/uploads\/2024\/05\/IMG20240502100646-1-961x1024.jpg\" alt=\"\" class=\"wp-image-196\" srcset=\"https:\/\/clinicaarboleya.com\/wp-content\/uploads\/2024\/05\/IMG20240502100646-1-961x1024.jpg 961w, https:\/\/clinicaarboleya.com\/wp-content\/uploads\/2024\/05\/IMG20240502100646-1-281x300.jpg 281w, https:\/\/clinicaarboleya.com\/wp-content\/uploads\/2024\/05\/IMG20240502100646-1-768x819.jpg 768w, https:\/\/clinicaarboleya.com\/wp-content\/uploads\/2024\/05\/IMG20240502100646-1-1441x1536.jpg 1441w, https:\/\/clinicaarboleya.com\/wp-content\/uploads\/2024\/05\/IMG20240502100646-1-1921x2048.jpg 1921w\" sizes=\"auto, (max-width: 767px) 89vw, (max-width: 1000px) 54vw, (max-width: 1071px) 543px, 580px\" \/><figcaption class=\"wp-element-caption\">oppo_0<\/figcaption><\/figure>\n","protected":false},"excerpt":{"rendered":"<p>La cl\u00ednica Arboleya dispone de recepci\u00f3n, sala de espera (con televisi\u00f3n y wifi), dos gabinetes, sala de diagn\u00f3stico, sala de esterilizaci\u00f3n, aseo y almac\u00e9n.<\/p>\n","protected":false},"author":1,"featured_media":0,"parent":0,"menu_order":0,"comment_status":"closed","ping_status":"closed","template":"","meta":{"footnotes":""},"class_list":["post-34","page","type-page","status-publish","hentry"],"_links":{"self":[{"href":"https:\/\/clinicaarboleya.com\/index.php?rest_route=\/wp\/v2\/pages\/34","targetHints":{"allow":["GET"]}}],"collection":[{"href":"https:\/\/clinicaarboleya.com\/index.php?rest_route=\/wp\/v2\/pages"}],"about":[{"href":"https:\/\/clinicaarboleya.com\/index.php?rest_route=\/wp\/v2\/types\/page"}],"author":[{"embeddable":true,"href":"https:\/\/clinicaarboleya.com\/index.php?rest_route=\/wp\/v2\/users\/1"}],"replies":[{"embeddable":true,"href":"https:\/\/clinicaarboleya.com\/index.php?rest_route=%2Fwp%2Fv2%2Fcomments&post=34"}],"version-history":[{"count":4,"href":"https:\/\/clinicaarboleya.com\/index.php?rest_route=\/wp\/v2\/pages\/34\/revisions"}],"predecessor-version":[{"id":197,"href":"https:\/\/clinicaarboleya.com\/index.php?rest_route=\/wp\/v2\/pages\/34\/revisions\/197"}],"wp:attachment":[{"href":"https:\/\/clinicaarboleya.com\/index.php?rest_route=%2Fwp%2Fv2%2Fmedia&parent=34"}],"curies":[{"name":"wp","href":"https:\/\/api.w.org\/{rel}","templated":true}]}}