{"id":36,"date":"2022-07-01T16:59:50","date_gmt":"2022-07-01T16:59:50","guid":{"rendered":"https:\/\/clinicaarboleya.com\/?page_id=36"},"modified":"2024-04-15T09:25:57","modified_gmt":"2024-04-15T09:25:57","slug":"tecnologia","status":"publish","type":"page","link":"https:\/\/clinicaarboleya.com\/?page_id=36","title":{"rendered":"Tecnolog\u00eda"},"content":{"rendered":"<div class=\"wp-block-image\">\n<figure class=\"aligncenter size-large\"><img loading=\"lazy\" decoding=\"async\" width=\"1024\" height=\"714\" src=\"https:\/\/clinicaarboleya.com\/wp-content\/uploads\/2022\/10\/Radio2-1024x714.jpg\" alt=\"\" class=\"wp-image-90\" srcset=\"https:\/\/clinicaarboleya.com\/wp-content\/uploads\/2022\/10\/Radio2-1024x714.jpg 1024w, https:\/\/clinicaarboleya.com\/wp-content\/uploads\/2022\/10\/Radio2-300x209.jpg 300w, https:\/\/clinicaarboleya.com\/wp-content\/uploads\/2022\/10\/Radio2-768x536.jpg 768w, https:\/\/clinicaarboleya.com\/wp-content\/uploads\/2022\/10\/Radio2.jpg 1332w\" sizes=\"auto, (max-width: 767px) 89vw, (max-width: 1000px) 54vw, (max-width: 1071px) 543px, 580px\" \/><\/figure>\n<\/div>\n\n\n<p class=\"has-text-align-center\"><strong>BTI-Scan II<\/strong><\/p>\n\n\n\n<p>Programa utilizado para  el estudio y planificaci\u00f3n de los implantes con simulaci\u00f3n en 3D<\/p>\n\n\n<div class=\"wp-block-image\">\n<figure class=\"aligncenter size-full\"><img loading=\"lazy\" decoding=\"async\" width=\"2148\" height=\"2560\" src=\"https:\/\/clinicaarboleya.com\/wp-content\/uploads\/2024\/04\/IMG20240222171456-scaled.jpg\" alt=\"\" class=\"wp-image-185\" srcset=\"https:\/\/clinicaarboleya.com\/wp-content\/uploads\/2024\/04\/IMG20240222171456-scaled.jpg 2148w, https:\/\/clinicaarboleya.com\/wp-content\/uploads\/2024\/04\/IMG20240222171456-252x300.jpg 252w, https:\/\/clinicaarboleya.com\/wp-content\/uploads\/2024\/04\/IMG20240222171456-859x1024.jpg 859w, https:\/\/clinicaarboleya.com\/wp-content\/uploads\/2024\/04\/IMG20240222171456-768x915.jpg 768w, https:\/\/clinicaarboleya.com\/wp-content\/uploads\/2024\/04\/IMG20240222171456-1289x1536.jpg 1289w, https:\/\/clinicaarboleya.com\/wp-content\/uploads\/2024\/04\/IMG20240222171456-1718x2048.jpg 1718w\" sizes=\"auto, (max-width: 767px) 89vw, (max-width: 1000px) 54vw, (max-width: 1071px) 543px, 580px\" \/><figcaption class=\"wp-element-caption\">oppo_32<\/figcaption><\/figure>\n<\/div>\n\n\n<p class=\"has-text-align-center\"><strong>Ortopantomograf\u00eda o radiograf\u00eda panor\u00e1mica<\/strong><\/p>\n\n\n\n<p class=\"has-text-align-center\">Es la visualizaci\u00f3n general de los dos maxilares en una sola exposici\u00f3n<\/p>\n\n\n\n<figure class=\"wp-block-image size-large\"><img loading=\"lazy\" decoding=\"async\" width=\"1024\" height=\"557\" src=\"https:\/\/clinicaarboleya.com\/wp-content\/uploads\/2022\/10\/Radio1-1024x557.jpg\" alt=\"\" class=\"wp-image-92\" srcset=\"https:\/\/clinicaarboleya.com\/wp-content\/uploads\/2022\/10\/Radio1-1024x557.jpg 1024w, https:\/\/clinicaarboleya.com\/wp-content\/uploads\/2022\/10\/Radio1-300x163.jpg 300w, https:\/\/clinicaarboleya.com\/wp-content\/uploads\/2022\/10\/Radio1-768x418.jpg 768w, https:\/\/clinicaarboleya.com\/wp-content\/uploads\/2022\/10\/Radio1.jpg 1327w\" sizes=\"auto, (max-width: 767px) 89vw, (max-width: 1000px) 54vw, (max-width: 1071px) 543px, 580px\" \/><\/figure>\n\n\n\n<p><\/p>\n\n\n\n<figure class=\"wp-block-image size-full is-resized\"><img loading=\"lazy\" decoding=\"async\" width=\"353\" height=\"268\" src=\"https:\/\/clinicaarboleya.com\/wp-content\/uploads\/2022\/07\/radiografia-periapical.png\" alt=\"\" class=\"wp-image-51\" style=\"width:676px;height:513px\" srcset=\"https:\/\/clinicaarboleya.com\/wp-content\/uploads\/2022\/07\/radiografia-periapical.png 353w, https:\/\/clinicaarboleya.com\/wp-content\/uploads\/2022\/07\/radiografia-periapical-300x228.png 300w\" sizes=\"auto, (max-width: 353px) 100vw, 353px\" \/><\/figure>\n\n\n\n<p class=\"has-text-align-center\"><strong>Radiograf\u00eda periapical digital<\/strong><\/p>\n\n\n\n<p class=\"has-text-align-center\">Para ver una pieza dental en detalle<\/p>\n\n\n\n<figure class=\"wp-block-image size-full is-resized\"><img loading=\"lazy\" decoding=\"async\" width=\"527\" height=\"180\" src=\"https:\/\/clinicaarboleya.com\/wp-content\/uploads\/2022\/07\/Implantes.png\" alt=\"\" class=\"wp-image-53\" style=\"width:674px;height:230px\" srcset=\"https:\/\/clinicaarboleya.com\/wp-content\/uploads\/2022\/07\/Implantes.png 527w, https:\/\/clinicaarboleya.com\/wp-content\/uploads\/2022\/07\/Implantes-300x102.png 300w\" sizes=\"auto, (max-width: 527px) 100vw, 527px\" \/><\/figure>\n\n\n\n<p class=\"has-text-align-center\"><strong>Implantes<\/strong><\/p>\n\n\n\n<p class=\"has-text-align-center\">Utilizamos implantes BTI, una marca de reconocido prestigio internacional<\/p>\n","protected":false},"excerpt":{"rendered":"<p>BTI-Scan II Programa utilizado para el estudio y planificaci\u00f3n de los implantes con simulaci\u00f3n en 3D Ortopantomograf\u00eda o radiograf\u00eda panor\u00e1mica Es la visualizaci\u00f3n general de los dos maxilares en una sola exposici\u00f3n Radiograf\u00eda periapical digital Para ver una pieza dental en detalle Implantes Utilizamos implantes BTI, una marca de reconocido prestigio internacional<\/p>\n","protected":false},"author":1,"featured_media":0,"parent":0,"menu_order":0,"comment_status":"closed","ping_status":"closed","template":"","meta":{"footnotes":""},"class_list":["post-36","page","type-page","status-publish","hentry"],"_links":{"self":[{"href":"https:\/\/clinicaarboleya.com\/index.php?rest_route=\/wp\/v2\/pages\/36","targetHints":{"allow":["GET"]}}],"collection":[{"href":"https:\/\/clinicaarboleya.com\/index.php?rest_route=\/wp\/v2\/pages"}],"about":[{"href":"https:\/\/clinicaarboleya.com\/index.php?rest_route=\/wp\/v2\/types\/page"}],"author":[{"embeddable":true,"href":"https:\/\/clinicaarboleya.com\/index.php?rest_route=\/wp\/v2\/users\/1"}],"replies":[{"embeddable":true,"href":"https:\/\/clinicaarboleya.com\/index.php?rest_route=%2Fwp%2Fv2%2Fcomments&post=36"}],"version-history":[{"count":7,"href":"https:\/\/clinicaarboleya.com\/index.php?rest_route=\/wp\/v2\/pages\/36\/revisions"}],"predecessor-version":[{"id":187,"href":"https:\/\/clinicaarboleya.com\/index.php?rest_route=\/wp\/v2\/pages\/36\/revisions\/187"}],"wp:attachment":[{"href":"https:\/\/clinicaarboleya.com\/index.php?rest_route=%2Fwp%2Fv2%2Fmedia&parent=36"}],"curies":[{"name":"wp","href":"https:\/\/api.w.org\/{rel}","templated":true}]}}