{"id":38,"date":"2022-07-01T17:00:03","date_gmt":"2022-07-01T17:00:03","guid":{"rendered":"https:\/\/clinicaarboleya.com\/?page_id=38"},"modified":"2024-04-09T10:59:01","modified_gmt":"2024-04-09T10:59:01","slug":"tratamientos","status":"publish","type":"page","link":"https:\/\/clinicaarboleya.com\/?page_id=38","title":{"rendered":"Tratamientos"},"content":{"rendered":"\n<p>Diagn\u00f3stico previo empleando la m\u00e1s moderna tecnolog\u00eda.<\/p>\n\n\n\n<p>Endodoncia<\/p>\n\n\n\n<p>Cuando la caries es muy profunda y no se puede hacer un empaste, se recurre a esta t\u00e9cnica para evitar la extracci\u00f3n de la pieza dentaria.  Posteriormente se reconstruye.<\/p>\n\n\n\n<figure class=\"wp-block-image size-full\"><img loading=\"lazy\" decoding=\"async\" width=\"1000\" height=\"667\" src=\"https:\/\/clinicaarboleya.com\/wp-content\/uploads\/2022\/10\/shutterstock_85474693.jpg\" alt=\"\" class=\"wp-image-111\" srcset=\"https:\/\/clinicaarboleya.com\/wp-content\/uploads\/2022\/10\/shutterstock_85474693.jpg 1000w, https:\/\/clinicaarboleya.com\/wp-content\/uploads\/2022\/10\/shutterstock_85474693-300x200.jpg 300w, https:\/\/clinicaarboleya.com\/wp-content\/uploads\/2022\/10\/shutterstock_85474693-768x512.jpg 768w\" sizes=\"auto, (max-width: 767px) 89vw, (max-width: 1000px) 54vw, (max-width: 1071px) 543px, 580px\" \/><\/figure>\n\n\n\n<p>Implantes<\/p>\n\n\n\n<p>Para sustituir un diente o varios. Incluso para desdentados totales. Puede ser fijo o removible.<\/p>\n\n\n\n<figure class=\"wp-block-image size-full\"><img loading=\"lazy\" decoding=\"async\" width=\"667\" height=\"1000\" src=\"https:\/\/clinicaarboleya.com\/wp-content\/uploads\/2022\/10\/shutterstock_61038850.jpg\" alt=\"\" class=\"wp-image-112\" srcset=\"https:\/\/clinicaarboleya.com\/wp-content\/uploads\/2022\/10\/shutterstock_61038850.jpg 667w, https:\/\/clinicaarboleya.com\/wp-content\/uploads\/2022\/10\/shutterstock_61038850-200x300.jpg 200w\" sizes=\"auto, (max-width: 667px) 100vw, 667px\" \/><\/figure>\n\n\n\n<p>Ortodoncia<\/p>\n\n\n\n<p>Ni\u00f1os y adultos.<br>Utilizamos brackets convencionales o de cer\u00e1mica.<\/p>\n\n\n\n<p>Cirug\u00edas<\/p>\n\n\n\n<p>Extracci\u00f3n de dientes, muelas del juicio, quistes, cirug\u00eda preprot\u00e9sica, etc.<\/p>\n\n\n\n<p>Pr\u00f3tesis<\/p>\n\n\n\n<p>Coronas o puentes fijos (metal-cer\u00e1mica, circonio) y removibles (resina o metal-resina)<\/p>\n\n\n\n<figure class=\"wp-block-image size-full\"><img loading=\"lazy\" decoding=\"async\" width=\"1000\" height=\"607\" src=\"https:\/\/clinicaarboleya.com\/wp-content\/uploads\/2022\/10\/shutterstock_69644662.jpg\" alt=\"\" class=\"wp-image-115\" srcset=\"https:\/\/clinicaarboleya.com\/wp-content\/uploads\/2022\/10\/shutterstock_69644662.jpg 1000w, https:\/\/clinicaarboleya.com\/wp-content\/uploads\/2022\/10\/shutterstock_69644662-300x182.jpg 300w, https:\/\/clinicaarboleya.com\/wp-content\/uploads\/2022\/10\/shutterstock_69644662-768x466.jpg 768w\" sizes=\"auto, (max-width: 767px) 89vw, (max-width: 1000px) 54vw, (max-width: 1071px) 543px, 580px\" \/><\/figure>\n\n\n\n<p>Est\u00e9tica<\/p>\n\n\n\n<p>Carillas, fundas, composites.<\/p>\n\n\n\n<figure class=\"wp-block-image size-full\"><img loading=\"lazy\" decoding=\"async\" width=\"500\" height=\"750\" src=\"https:\/\/clinicaarboleya.com\/wp-content\/uploads\/2022\/10\/Chica-estudiante.jpg\" alt=\"\" class=\"wp-image-116\" srcset=\"https:\/\/clinicaarboleya.com\/wp-content\/uploads\/2022\/10\/Chica-estudiante.jpg 500w, https:\/\/clinicaarboleya.com\/wp-content\/uploads\/2022\/10\/Chica-estudiante-200x300.jpg 200w\" sizes=\"auto, (max-width: 500px) 100vw, 500px\" \/><\/figure>\n\n\n\n<p>Odontolog\u00eda restauradora<\/p>\n\n\n\n<p>Empastes, reconstruccionnes, perno-mu\u00f1\u00f3n.<\/p>\n\n\n\n<p>Oclusi\u00f3n y ATM<\/p>\n\n\n\n<p>Transtornos de la articulaci\u00f3n que abre y cierra la boca. Chasquidos.<\/p>\n\n\n\n<figure class=\"wp-block-image size-full\"><img loading=\"lazy\" decoding=\"async\" width=\"667\" height=\"1000\" src=\"https:\/\/clinicaarboleya.com\/wp-content\/uploads\/2022\/10\/shutterstock_72415126.jpg\" alt=\"\" class=\"wp-image-117\" srcset=\"https:\/\/clinicaarboleya.com\/wp-content\/uploads\/2022\/10\/shutterstock_72415126.jpg 667w, https:\/\/clinicaarboleya.com\/wp-content\/uploads\/2022\/10\/shutterstock_72415126-200x300.jpg 200w\" sizes=\"auto, (max-width: 667px) 100vw, 667px\" \/><\/figure>\n\n\n\n<p>Periodoncia<\/p>\n\n\n\n<p>Es la enfermedad de las encias. Con una especial atenci\u00f3n evitaremos llegar a la piorrea.<\/p>\n\n\n\n<p><strong>Bruxismo.<\/strong><br>Son los pacientes que aprietan y rechinan los dientes, que ser\u00e1n tratados con f\u00e9rulas de ultima generaci\u00f3n.<\/p>\n","protected":false},"excerpt":{"rendered":"<p>Diagn\u00f3stico previo empleando la m\u00e1s moderna tecnolog\u00eda. Endodoncia Cuando la caries es muy profunda y no se puede hacer un empaste, se recurre a esta t\u00e9cnica para evitar la extracci\u00f3n de la pieza dentaria. Posteriormente se reconstruye. Implantes Para sustituir un diente o varios. Incluso para desdentados totales. Puede ser fijo o removible. Ortodoncia Ni\u00f1os &hellip; <\/p>\n<p class=\"link-more\"><a href=\"https:\/\/clinicaarboleya.com\/?page_id=38\" class=\"more-link\">Continuar leyendo<span class=\"screen-reader-text\"> \u00abTratamientos\u00bb<\/span><\/a><\/p>\n","protected":false},"author":1,"featured_media":0,"parent":0,"menu_order":0,"comment_status":"closed","ping_status":"closed","template":"","meta":{"footnotes":""},"class_list":["post-38","page","type-page","status-publish","hentry"],"_links":{"self":[{"href":"https:\/\/clinicaarboleya.com\/index.php?rest_route=\/wp\/v2\/pages\/38","targetHints":{"allow":["GET"]}}],"collection":[{"href":"https:\/\/clinicaarboleya.com\/index.php?rest_route=\/wp\/v2\/pages"}],"about":[{"href":"https:\/\/clinicaarboleya.com\/index.php?rest_route=\/wp\/v2\/types\/page"}],"author":[{"embeddable":true,"href":"https:\/\/clinicaarboleya.com\/index.php?rest_route=\/wp\/v2\/users\/1"}],"replies":[{"embeddable":true,"href":"https:\/\/clinicaarboleya.com\/index.php?rest_route=%2Fwp%2Fv2%2Fcomments&post=38"}],"version-history":[{"count":6,"href":"https:\/\/clinicaarboleya.com\/index.php?rest_route=\/wp\/v2\/pages\/38\/revisions"}],"predecessor-version":[{"id":180,"href":"https:\/\/clinicaarboleya.com\/index.php?rest_route=\/wp\/v2\/pages\/38\/revisions\/180"}],"wp:attachment":[{"href":"https:\/\/clinicaarboleya.com\/index.php?rest_route=%2Fwp%2Fv2%2Fmedia&parent=38"}],"curies":[{"name":"wp","href":"https:\/\/api.w.org\/{rel}","templated":true}]}}